{"id":1572,"date":"2026-03-18T15:21:21","date_gmt":"2026-03-18T14:21:21","guid":{"rendered":"https:\/\/hotelreinstorf.de\/job-openings\/"},"modified":"2026-03-24T15:12:20","modified_gmt":"2026-03-24T14:12:20","slug":"job-openings","status":"publish","type":"page","link":"https:\/\/hotelreinstorf.de\/en\/job-openings\/","title":{"rendered":"Job Openings"},"content":{"rendered":"\t\t<div data-elementor-type=\"wp-page\" data-elementor-id=\"1572\" class=\"elementor elementor-1572 elementor-1381\" data-elementor-post-type=\"page\">\n\t\t\t\t<div class=\"elementor-element elementor-element-6c84bd9e animated-fast e-flex e-con-boxed elementor-invisible e-con e-parent\" data-id=\"6c84bd9e\" data-element_type=\"container\" data-e-type=\"container\" data-settings=\"{&quot;background_background&quot;:&quot;video&quot;,&quot;background_video_link&quot;:&quot;https:\\\/\\\/heidehotel.erleben-hamburg.de\\\/wp-content\\\/uploads\\\/2026\\\/03\\\/HHR-Drohne_Sommer-2-small-4.mp4&quot;,&quot;background_play_on_mobile&quot;:&quot;yes&quot;,&quot;animation&quot;:&quot;fadeIn&quot;}\">\n\t\t\t\t\t<div class=\"e-con-inner\">\n\t\t<div class=\"elementor-background-video-container\">\n\t\t\t\t\t\t\t<video class=\"elementor-background-video-hosted\" role=\"presentation\" autoplay muted playsinline loop><\/video>\n\t\t\t\t\t<\/div><div class=\"elementor-element elementor-element-5725d808 e-con-full e-flex e-con e-child\" data-id=\"5725d808\" data-element_type=\"container\" data-e-type=\"container\">\n\t\t\t\t<div class=\"elementor-element elementor-element-4769dc21 elementor-widget elementor-widget-text-editor\" data-id=\"4769dc21\" data-element_type=\"widget\" data-e-type=\"widget\" data-widget_type=\"text-editor.default\">\n\t\t\t\t\t\t\t\t\t<div class=\"d21-quickbook\">\n<script src=\"https:\/\/js-sdk.dirs21.de\/89176586-e681-464f-bdd0-80bb3c05867b\" async=\"\"><\/script><\/div>\t\t\t\t\t\t\t\t<\/div>\n\t\t\t\t<\/div>\n\t\t\t\t\t<\/div>\n\t\t\t\t<\/div>\n\t\t<div class=\"elementor-element elementor-element-28827272 e-flex e-con-boxed e-con e-parent\" data-id=\"28827272\" data-element_type=\"container\" data-e-type=\"container\">\n\t\t\t\t\t<div class=\"e-con-inner\">\n\t\t\t\t<div class=\"elementor-element elementor-element-5302cab2 elementor-widget-divider--view-line elementor-widget elementor-widget-divider\" data-id=\"5302cab2\" data-element_type=\"widget\" data-e-type=\"widget\" data-widget_type=\"divider.default\">\n\t\t\t\t\t\t\t<div class=\"elementor-divider\">\n\t\t\t<span class=\"elementor-divider-separator\">\n\t\t\t\t\t\t<\/span>\n\t\t<\/div>\n\t\t\t\t\t\t<\/div>\n\t\t\t\t\t<\/div>\n\t\t\t\t<\/div>\n\t\t<div class=\"elementor-element elementor-element-685ee0ed e-flex e-con-boxed e-con e-parent\" data-id=\"685ee0ed\" data-element_type=\"container\" data-e-type=\"container\">\n\t\t\t\t\t<div class=\"e-con-inner\">\n\t\t\t\t<div class=\"elementor-element elementor-element-70d6ea73 elementor-widget elementor-widget-heading\" data-id=\"70d6ea73\" data-element_type=\"widget\" data-e-type=\"widget\" data-widget_type=\"heading.default\">\n\t\t\t\t\t<h1 class=\"elementor-heading-title elementor-size-default\">Job Openings<\/h1>\t\t\t\t<\/div>\n\t\t\t\t<div class=\"elementor-element elementor-element-e11628d elementor-widget elementor-widget-heading\" data-id=\"e11628d\" data-element_type=\"widget\" data-e-type=\"widget\" data-widget_type=\"heading.default\">\n\t\t\t\t\t<h2 class=\"elementor-heading-title elementor-size-default\">Hosts looking for hosts<\/h2>\t\t\t\t<\/div>\n\t\t\t\t\t<\/div>\n\t\t\t\t<\/div>\n\t\t<div class=\"elementor-element elementor-element-4d41a803 e-flex e-con-boxed e-con e-parent\" data-id=\"4d41a803\" data-element_type=\"container\" data-e-type=\"container\">\n\t\t\t\t\t<div class=\"e-con-inner\">\n\t\t\t\t<div class=\"elementor-element elementor-element-67c05ec elementor-widget elementor-widget-text-editor\" data-id=\"67c05ec\" data-element_type=\"widget\" data-e-type=\"widget\" data-widget_type=\"text-editor.default\">\n\t\t\t\t\t\t\t\t\t<p class=\"headline\"><strong>The beginning of an exciting future.<\/strong><\/p><p>Your apprenticeship with us means more than just acquiring technical knowledge; it offers hands-on insights into the world of a renowned hotel. With experienced mentors, individual support, and exciting development opportunities, we will accompany you on this exciting journey. <\/p>\t\t\t\t\t\t\t\t<\/div>\n\t\t\t\t\t<\/div>\n\t\t\t\t<\/div>\n\t\t<div class=\"elementor-element elementor-element-6ad6c106 e-flex e-con-boxed e-con e-parent\" data-id=\"6ad6c106\" data-element_type=\"container\" data-e-type=\"container\">\n\t\t\t\t\t<div class=\"e-con-inner\">\n\t\t\t\t<div class=\"elementor-element elementor-element-ee8c742 elementor-widget-divider--view-line elementor-widget elementor-widget-divider\" data-id=\"ee8c742\" data-element_type=\"widget\" data-e-type=\"widget\" data-widget_type=\"divider.default\">\n\t\t\t\t\t\t\t<div class=\"elementor-divider\">\n\t\t\t<span class=\"elementor-divider-separator\">\n\t\t\t\t\t\t<\/span>\n\t\t<\/div>\n\t\t\t\t\t\t<\/div>\n\t\t\t\t\t<\/div>\n\t\t\t\t<\/div>\n\t\t<div class=\"elementor-element elementor-element-88fb44d e-flex e-con-boxed e-con e-parent\" data-id=\"88fb44d\" data-element_type=\"container\" data-e-type=\"container\">\n\t\t\t\t\t<div class=\"e-con-inner\">\n\t\t\t\t<div class=\"elementor-element elementor-element-5f05b8a7 elementor-widget elementor-widget-heading\" data-id=\"5f05b8a7\" data-element_type=\"widget\" data-e-type=\"widget\" data-widget_type=\"heading.default\">\n\t\t\t\t\t<h3 class=\"elementor-heading-title elementor-size-default\">Service Staff (m\/f\/d) for Bar and Beer Garden<\/h3>\t\t\t\t<\/div>\n\t\t\t\t<div class=\"elementor-element elementor-element-76a1eec elementor-widget elementor-widget-text-editor\" data-id=\"76a1eec\" data-element_type=\"widget\" data-e-type=\"widget\" data-widget_type=\"text-editor.default\">\n\t\t\t\t\t\t\t\t\t<div class=\"elementor-element elementor-element-edd3c92 ob-harakiri-inherit ob-has-background-overlay elementor-widget elementor-widget-text-editor ob-harakiri\" data-id=\"edd3c92\" data-element_type=\"widget\" data-e-type=\"widget\" data-settings=\"{\"_ob_use_harakiri\":\"yes\",\"_ob_harakiri_writing_mode\":\"inherit\",\"_ob_postman_use\":\"no\",\"_ob_widget_stalker_use\":\"no\",\"_ob_poopart_use\":\"yes\",\"_ob_shadough_use\":\"no\",\"_ob_allow_hoveranimator\":\"no\"}\" data-widget_type=\"text-editor.default\"><div class=\"elementor-widget-container\"><p data-start=\"78\" data-end=\"204\">To strengthen our team, we are looking for dedicated service staff (m\/f\/d) for our bar and beer garden, <strong data-start=\"119\" data-end=\"132\">starting immediately<\/strong>.<\/p><p data-start=\"206\" data-end=\"226\"><strong data-start=\"206\" data-end=\"224\">Your responsibilities:<\/strong><\/p><ul data-start=\"227\" data-end=\"437\"><li data-start=\"227\" data-end=\"267\"><p data-start=\"229\" data-end=\"267\">Attending to and advising our guests<\/p><\/li><li data-start=\"268\" data-end=\"307\"><p data-start=\"270\" data-end=\"307\">Serving food and beverages<\/p><\/li><li data-start=\"308\" data-end=\"345\"><p data-start=\"310\" data-end=\"345\">Preparing simple bar drinks<\/p><\/li><li data-start=\"346\" data-end=\"409\"><p data-start=\"348\" data-end=\"409\">Ensuring cleanliness and order in the service area<\/p><\/li><li data-start=\"410\" data-end=\"437\"><p data-start=\"412\" data-end=\"437\">Handling payments and billing<\/p><\/li><\/ul><p data-start=\"439\" data-end=\"456\"><strong data-start=\"439\" data-end=\"454\">Your profile:<\/strong><\/p><ul data-start=\"457\" data-end=\"672\"><li data-start=\"457\" data-end=\"507\"><p data-start=\"459\" data-end=\"507\">Friendly and service-oriented demeanor<\/p><\/li><li data-start=\"508\" data-end=\"545\"><p data-start=\"510\" data-end=\"545\">Teamwork and reliability<\/p><\/li><li data-start=\"546\" data-end=\"595\"><p data-start=\"548\" data-end=\"595\">Ability to work under pressure, even during peak times<\/p><\/li><li data-start=\"596\" data-end=\"672\"><p data-start=\"598\" data-end=\"672\">Previous experience in service is an advantage, but not mandatory<\/p><\/li><\/ul><p data-start=\"674\" data-end=\"691\"><strong data-start=\"674\" data-end=\"689\">We offer:<\/strong><\/p><ul data-start=\"692\" data-end=\"849\"><li data-start=\"692\" data-end=\"720\"><p data-start=\"694\" data-end=\"720\">A pleasant working environment<\/p><\/li><li data-start=\"721\" data-end=\"740\"><p data-start=\"723\" data-end=\"740\">Fair compensation<\/p><\/li><li data-start=\"741\" data-end=\"809\"><p data-start=\"743\" data-end=\"809\">Flexible working hours (full-time, part-time, or mini-job possible)<\/p><\/li><li data-start=\"810\" data-end=\"849\"><p data-start=\"812\" data-end=\"849\">A motivated and welcoming team<br><br>Apply to: <a href=\"mailto:Kaast@Heide-Hotel-Reinstorf.de\">Kaast@Heide-Hotel-Reinstorf.de<\/a><\/p><\/li><\/ul><\/div><\/div>\t\t\t\t\t\t\t\t<\/div>\n\t\t\t\t\t<\/div>\n\t\t\t\t<\/div>\n\t\t<div class=\"elementor-element elementor-element-1bfe9d25 e-flex e-con-boxed e-con e-parent\" data-id=\"1bfe9d25\" data-element_type=\"container\" data-e-type=\"container\">\n\t\t\t\t\t<div class=\"e-con-inner\">\n\t\t\t\t<div class=\"elementor-element elementor-element-257d841b elementor-widget-divider--view-line elementor-widget elementor-widget-divider\" data-id=\"257d841b\" data-element_type=\"widget\" data-e-type=\"widget\" data-widget_type=\"divider.default\">\n\t\t\t\t\t\t\t<div class=\"elementor-divider\">\n\t\t\t<span class=\"elementor-divider-separator\">\n\t\t\t\t\t\t<\/span>\n\t\t<\/div>\n\t\t\t\t\t\t<\/div>\n\t\t\t\t\t<\/div>\n\t\t\t\t<\/div>\n\t\t<div class=\"elementor-element elementor-element-b33f5c2 e-flex e-con-boxed e-con e-parent\" data-id=\"b33f5c2\" data-element_type=\"container\" data-e-type=\"container\">\n\t\t\t\t\t<div class=\"e-con-inner\">\n\t\t\t\t<div class=\"elementor-element elementor-element-cc0a7d0 elementor-widget elementor-widget-heading\" data-id=\"cc0a7d0\" data-element_type=\"widget\" data-e-type=\"widget\" data-widget_type=\"heading.default\">\n\t\t\t\t\t<h3 class=\"elementor-heading-title elementor-size-default\">Apprenticeship (m\/f\/d)<\/h3>\t\t\t\t<\/div>\n\t\t\t\t<div class=\"elementor-element elementor-element-836d3f8 elementor-widget elementor-widget-text-editor\" data-id=\"836d3f8\" data-element_type=\"widget\" data-e-type=\"widget\" data-widget_type=\"text-editor.default\">\n\t\t\t\t\t\t\t\t\t<div class=\"elementor-element elementor-element-cde46e5 e-con-full e-flex e-con e-child\" data-id=\"cde46e5\" data-element_type=\"container\" data-e-type=\"container\" data-settings=\"{\"_ob_use_container_extras\":\"no\",\"_ob_column_hoveranimator\":\"no\",\"_ob_glider_is_slider\":\"no\",\"_ob_column_has_pseudo\":\"no\"}\"><div class=\"elementor-element elementor-element-bd35375 ob-harakiri-inherit ob-has-background-overlay elementor-widget elementor-widget-text-editor ob-harakiri\" data-id=\"bd35375\" data-element_type=\"widget\" data-e-type=\"widget\" data-settings=\"{\"_ob_use_harakiri\":\"yes\",\"_ob_harakiri_writing_mode\":\"inherit\",\"_ob_postman_use\":\"no\",\"_ob_widget_stalker_use\":\"no\",\"_ob_poopart_use\":\"yes\",\"_ob_shadough_use\":\"no\",\"_ob_allow_hoveranimator\":\"no\"}\" data-widget_type=\"text-editor.default\"><div class=\"elementor-widget-container\"><p><strong>starting September 1, 2025<\/strong><\/p><p><span class=\"secondcolortext\"><a class=\"link-internal\" href=\"https:\/\/www.treudelberg.com\/team\/ausbildung\/hotelfachfrau\/-mann\/\">Hotel Management Assistant:<\/a><\/span><br>Discover all aspects of hospitality \u2013 the key to a versatile hotel career.<\/p><p><span class=\"secondcolortext\"><a class=\"link-internal\" href=\"https:\/\/www.treudelberg.com\/team\/ausbildung\/koechin\/koch\/\">Chef:<\/a><\/span><br>Develop your culinary skills in our first-class kitchen. With us, you will learn everything you need for a successful career as a chef. <\/p><p><span class=\"secondcolortext\"><a class=\"link-internal\" href=\"https:\/\/www.treudelberg.com\/team\/ausbildung\/fachmann-\/-fachfrau-fuer-restaurants-veranstaltungsgastronomie\/\">Restaurant &amp; Event Gastronomy Professional:<\/a><\/span><br>Experience the variety of event gastronomy! Durchlaufe verschiedene Aufgabenbereiche auf dem Gutshof 1896, von der Gestaltung des Gasterlebnisses als Gastgeber:in bis zum fachgerechten Servieren von Speisen und Getr\u00e4nken. <\/p><p>Apply to: <a href=\"mailto:Kaast@Heide-Hotel-Reinstorf.de\">Kaast@Heide-Hotel-Reinstorf.de<\/a><\/p><\/div><\/div><\/div>\t\t\t\t\t\t\t\t<\/div>\n\t\t\t\t\t<\/div>\n\t\t\t\t<\/div>\n\t\t<div class=\"elementor-element elementor-element-376dc5be e-flex e-con-boxed e-con e-parent\" data-id=\"376dc5be\" data-element_type=\"container\" data-e-type=\"container\">\n\t\t\t\t\t<div class=\"e-con-inner\">\n\t\t\t\t<div class=\"elementor-element elementor-element-1299d17f elementor-widget elementor-widget-text-editor\" data-id=\"1299d17f\" data-element_type=\"widget\" data-e-type=\"widget\" data-widget_type=\"text-editor.default\">\n\t\t\t\t\t\t\t\t\t<p><script src=\"https:\/\/js-sdk.dirs21.de\/89176586-e681-464f-bdd0-80bb3c05867b\" async=\"\"><span style=\"display: inline-block; width: 0px; overflow: hidden; line-height: 0;\" data-mce-type=\"bookmark\" class=\"mce_SELRES_start\"><\/span><span style=\"display: inline-block; width: 0px; overflow: hidden; line-height: 0;\" data-mce-type=\"bookmark\" class=\"mce_SELRES_start\"><\/span><\/script><\/p>\t\t\t\t\t\t\t\t<\/div>\n\t\t\t\t\t<\/div>\n\t\t\t\t<\/div>\n\t\t\t\t<\/div>\n\t\t","protected":false},"excerpt":{"rendered":"<p>Job Openings Hosts looking for hosts The beginning of an exciting future. Your apprenticeship with us means more than just acquiring technical knowledge; it offers hands-on insights into the world of a renowned hotel. With experienced mentors, individual support, and exciting development opportunities, we will accompany you on this exciting journey. Service Staff (m\/f\/d) for [&hellip;]<\/p>\n","protected":false},"author":1,"featured_media":0,"parent":0,"menu_order":0,"comment_status":"closed","ping_status":"closed","template":"","meta":{"footnotes":""},"class_list":["post-1572","page","type-page","status-publish","hentry"],"yoast_head":"<!-- This site is optimized with the Yoast SEO plugin v27.3 - https:\/\/yoast.com\/product\/yoast-seo-wordpress\/ -->\n<title>Job Openings - Heide Hotel Reinstorf bei L\u00fcneburg<\/title>\n<meta name=\"description\" content=\"Job Openings\" \/>\n<meta name=\"robots\" content=\"noindex, follow, max-snippet:-1, max-image-preview:large, max-video-preview:-1\" \/>\n<meta property=\"og:locale\" content=\"en_US\" \/>\n<meta property=\"og:type\" content=\"article\" \/>\n<meta property=\"og:title\" content=\"Job Openings - Heide Hotel Reinstorf bei L\u00fcneburg\" \/>\n<meta property=\"og:description\" content=\"Job Openings\" \/>\n<meta property=\"og:url\" content=\"https:\/\/hotelreinstorf.de\/en\/job-openings\/\" \/>\n<meta property=\"og:site_name\" content=\"Heide Hotel Reinstorf bei L\u00fcneburg\" \/>\n<meta property=\"article:modified_time\" content=\"2026-03-24T14:12:20+00:00\" \/>\n<meta name=\"twitter:card\" content=\"summary_large_image\" \/>\n<meta name=\"twitter:label1\" content=\"Est. reading time\" \/>\n\t<meta name=\"twitter:data1\" content=\"1 minute\" \/>\n<script type=\"application\/ld+json\" class=\"yoast-schema-graph\">{\"@context\":\"https:\\\/\\\/schema.org\",\"@graph\":[{\"@type\":\"WebPage\",\"@id\":\"https:\\\/\\\/hotelreinstorf.de\\\/en\\\/job-openings\\\/\",\"url\":\"https:\\\/\\\/hotelreinstorf.de\\\/en\\\/job-openings\\\/\",\"name\":\"Job Openings - Heide Hotel Reinstorf bei L\u00fcneburg\",\"isPartOf\":{\"@id\":\"https:\\\/\\\/hotelreinstorf.de\\\/en\\\/#website\"},\"datePublished\":\"2026-03-18T14:21:21+00:00\",\"dateModified\":\"2026-03-24T14:12:20+00:00\",\"description\":\"Job Openings\",\"breadcrumb\":{\"@id\":\"https:\\\/\\\/hotelreinstorf.de\\\/en\\\/job-openings\\\/#breadcrumb\"},\"inLanguage\":\"en-US\",\"potentialAction\":[{\"@type\":\"ReadAction\",\"target\":[\"https:\\\/\\\/hotelreinstorf.de\\\/en\\\/job-openings\\\/\"]}]},{\"@type\":\"BreadcrumbList\",\"@id\":\"https:\\\/\\\/hotelreinstorf.de\\\/en\\\/job-openings\\\/#breadcrumb\",\"itemListElement\":[{\"@type\":\"ListItem\",\"position\":1,\"name\":\"Start\",\"item\":\"https:\\\/\\\/hotelreinstorf.de\\\/en\\\/\"},{\"@type\":\"ListItem\",\"position\":2,\"name\":\"Job Openings\"}]},{\"@type\":\"WebSite\",\"@id\":\"https:\\\/\\\/hotelreinstorf.de\\\/en\\\/#website\",\"url\":\"https:\\\/\\\/hotelreinstorf.de\\\/en\\\/\",\"name\":\"Heide Hotel Reinstorf bei L\u00fcneburg\",\"description\":\"Tagen | Feiern | Heiraten | \u00dcbernachten &amp; Verw\u00f6hnen lassen direkt in der Ostheide\",\"publisher\":{\"@id\":\"https:\\\/\\\/hotelreinstorf.de\\\/en\\\/#organization\"},\"potentialAction\":[{\"@type\":\"SearchAction\",\"target\":{\"@type\":\"EntryPoint\",\"urlTemplate\":\"https:\\\/\\\/hotelreinstorf.de\\\/en\\\/?s={search_term_string}\"},\"query-input\":{\"@type\":\"PropertyValueSpecification\",\"valueRequired\":true,\"valueName\":\"search_term_string\"}}],\"inLanguage\":\"en-US\"},{\"@type\":\"Organization\",\"@id\":\"https:\\\/\\\/hotelreinstorf.de\\\/en\\\/#organization\",\"name\":\"Heide Hotel Reinstorf bei L\u00fcneburg\",\"url\":\"https:\\\/\\\/hotelreinstorf.de\\\/en\\\/\",\"logo\":{\"@type\":\"ImageObject\",\"inLanguage\":\"en-US\",\"@id\":\"https:\\\/\\\/hotelreinstorf.de\\\/en\\\/#\\\/schema\\\/logo\\\/image\\\/\",\"url\":\"https:\\\/\\\/hotelreinstorf.de\\\/wp-content\\\/uploads\\\/2026\\\/03\\\/Logo_Heide_Hotel_Slogan-02.png\",\"contentUrl\":\"https:\\\/\\\/hotelreinstorf.de\\\/wp-content\\\/uploads\\\/2026\\\/03\\\/Logo_Heide_Hotel_Slogan-02.png\",\"width\":302,\"height\":298,\"caption\":\"Heide Hotel Reinstorf bei L\u00fcneburg\"},\"image\":{\"@id\":\"https:\\\/\\\/hotelreinstorf.de\\\/en\\\/#\\\/schema\\\/logo\\\/image\\\/\"}}]}<\/script>\n<!-- \/ Yoast SEO plugin. -->","yoast_head_json":{"title":"Job Openings - Heide Hotel Reinstorf bei L\u00fcneburg","description":"Job Openings","robots":{"index":"noindex","follow":"follow","max-snippet":"max-snippet:-1","max-image-preview":"max-image-preview:large","max-video-preview":"max-video-preview:-1"},"og_locale":"en_US","og_type":"article","og_title":"Job Openings - Heide Hotel Reinstorf bei L\u00fcneburg","og_description":"Job Openings","og_url":"https:\/\/hotelreinstorf.de\/en\/job-openings\/","og_site_name":"Heide Hotel Reinstorf bei L\u00fcneburg","article_modified_time":"2026-03-24T14:12:20+00:00","twitter_card":"summary_large_image","twitter_misc":{"Est. reading time":"1 minute"},"schema":{"@context":"https:\/\/schema.org","@graph":[{"@type":"WebPage","@id":"https:\/\/hotelreinstorf.de\/en\/job-openings\/","url":"https:\/\/hotelreinstorf.de\/en\/job-openings\/","name":"Job Openings - Heide Hotel Reinstorf bei L\u00fcneburg","isPartOf":{"@id":"https:\/\/hotelreinstorf.de\/en\/#website"},"datePublished":"2026-03-18T14:21:21+00:00","dateModified":"2026-03-24T14:12:20+00:00","description":"Job Openings","breadcrumb":{"@id":"https:\/\/hotelreinstorf.de\/en\/job-openings\/#breadcrumb"},"inLanguage":"en-US","potentialAction":[{"@type":"ReadAction","target":["https:\/\/hotelreinstorf.de\/en\/job-openings\/"]}]},{"@type":"BreadcrumbList","@id":"https:\/\/hotelreinstorf.de\/en\/job-openings\/#breadcrumb","itemListElement":[{"@type":"ListItem","position":1,"name":"Start","item":"https:\/\/hotelreinstorf.de\/en\/"},{"@type":"ListItem","position":2,"name":"Job Openings"}]},{"@type":"WebSite","@id":"https:\/\/hotelreinstorf.de\/en\/#website","url":"https:\/\/hotelreinstorf.de\/en\/","name":"Heide Hotel Reinstorf bei L\u00fcneburg","description":"Tagen | Feiern | Heiraten | \u00dcbernachten &amp; Verw\u00f6hnen lassen direkt in der Ostheide","publisher":{"@id":"https:\/\/hotelreinstorf.de\/en\/#organization"},"potentialAction":[{"@type":"SearchAction","target":{"@type":"EntryPoint","urlTemplate":"https:\/\/hotelreinstorf.de\/en\/?s={search_term_string}"},"query-input":{"@type":"PropertyValueSpecification","valueRequired":true,"valueName":"search_term_string"}}],"inLanguage":"en-US"},{"@type":"Organization","@id":"https:\/\/hotelreinstorf.de\/en\/#organization","name":"Heide Hotel Reinstorf bei L\u00fcneburg","url":"https:\/\/hotelreinstorf.de\/en\/","logo":{"@type":"ImageObject","inLanguage":"en-US","@id":"https:\/\/hotelreinstorf.de\/en\/#\/schema\/logo\/image\/","url":"https:\/\/hotelreinstorf.de\/wp-content\/uploads\/2026\/03\/Logo_Heide_Hotel_Slogan-02.png","contentUrl":"https:\/\/hotelreinstorf.de\/wp-content\/uploads\/2026\/03\/Logo_Heide_Hotel_Slogan-02.png","width":302,"height":298,"caption":"Heide Hotel Reinstorf bei L\u00fcneburg"},"image":{"@id":"https:\/\/hotelreinstorf.de\/en\/#\/schema\/logo\/image\/"}}]}},"_links":{"self":[{"href":"https:\/\/hotelreinstorf.de\/en\/wp-json\/wp\/v2\/pages\/1572","targetHints":{"allow":["GET"]}}],"collection":[{"href":"https:\/\/hotelreinstorf.de\/en\/wp-json\/wp\/v2\/pages"}],"about":[{"href":"https:\/\/hotelreinstorf.de\/en\/wp-json\/wp\/v2\/types\/page"}],"author":[{"embeddable":true,"href":"https:\/\/hotelreinstorf.de\/en\/wp-json\/wp\/v2\/users\/1"}],"replies":[{"embeddable":true,"href":"https:\/\/hotelreinstorf.de\/en\/wp-json\/wp\/v2\/comments?post=1572"}],"version-history":[{"count":3,"href":"https:\/\/hotelreinstorf.de\/en\/wp-json\/wp\/v2\/pages\/1572\/revisions"}],"predecessor-version":[{"id":1786,"href":"https:\/\/hotelreinstorf.de\/en\/wp-json\/wp\/v2\/pages\/1572\/revisions\/1786"}],"wp:attachment":[{"href":"https:\/\/hotelreinstorf.de\/en\/wp-json\/wp\/v2\/media?parent=1572"}],"curies":[{"name":"wp","href":"https:\/\/api.w.org\/{rel}","templated":true}]}}