{"id":1567,"date":"2026-03-19T10:48:06","date_gmt":"2026-03-19T09:48:06","guid":{"rendered":"https:\/\/hotelreinstorf.de\/sustainability\/"},"modified":"2026-03-25T10:42:51","modified_gmt":"2026-03-25T09:42:51","slug":"sustainability","status":"publish","type":"page","link":"https:\/\/hotelreinstorf.de\/en\/sustainability\/","title":{"rendered":"Sustainability"},"content":{"rendered":"\t\t<div data-elementor-type=\"wp-page\" data-elementor-id=\"1567\" class=\"elementor elementor-1567 elementor-1479\" data-elementor-post-type=\"page\">\n\t\t\t\t<div class=\"elementor-element elementor-element-f93d432 animated-fast e-flex e-con-boxed elementor-invisible e-con e-parent\" data-id=\"f93d432\" data-element_type=\"container\" data-e-type=\"container\" data-settings=\"{&quot;background_background&quot;:&quot;video&quot;,&quot;background_video_link&quot;:&quot;https:\\\/\\\/heidehotel.erleben-hamburg.de\\\/wp-content\\\/uploads\\\/2026\\\/03\\\/HHR-Drohne_Sommer-2-small-4.mp4&quot;,&quot;background_play_on_mobile&quot;:&quot;yes&quot;,&quot;animation&quot;:&quot;fadeIn&quot;}\">\n\t\t\t\t\t<div class=\"e-con-inner\">\n\t\t<div class=\"elementor-background-video-container\">\n\t\t\t\t\t\t\t<video class=\"elementor-background-video-hosted\" role=\"presentation\" autoplay muted playsinline loop><\/video>\n\t\t\t\t\t<\/div>\t\t<div class=\"elementor-element elementor-element-59b64b3 elementor-widget elementor-widget-text-editor\" data-id=\"59b64b3\" data-element_type=\"widget\" data-e-type=\"widget\" data-widget_type=\"text-editor.default\">\n\t\t\t\t\t\t\t\t\t<div class=\"d21-quickbook\"><br><script src=\"https:\/\/js-sdk.dirs21.de\/89176586-e681-464f-bdd0-80bb3c05867b\" async=\"\"><\/script><\/div>\t\t\t\t\t\t\t\t<\/div>\n\t\t\t\t\t<\/div>\n\t\t\t\t<\/div>\n\t\t<div class=\"elementor-element elementor-element-8d2ffc6 e-flex e-con-boxed e-con e-parent\" data-id=\"8d2ffc6\" data-element_type=\"container\" data-e-type=\"container\" data-settings=\"{&quot;animation&quot;:&quot;none&quot;}\">\n\t\t\t\t\t<div class=\"e-con-inner\">\n\t\t\t\t<div class=\"elementor-element elementor-element-a0e4277 elementor-widget-divider--view-line elementor-widget elementor-widget-divider\" data-id=\"a0e4277\" data-element_type=\"widget\" data-e-type=\"widget\" data-widget_type=\"divider.default\">\n\t\t\t\t\t\t\t<div class=\"elementor-divider\">\n\t\t\t<span class=\"elementor-divider-separator\">\n\t\t\t\t\t\t<\/span>\n\t\t<\/div>\n\t\t\t\t\t\t<\/div>\n\t\t\t\t\t<\/div>\n\t\t\t\t<\/div>\n\t\t<div class=\"elementor-element elementor-element-f32ad40 e-flex e-con-boxed e-con e-parent\" data-id=\"f32ad40\" data-element_type=\"container\" data-e-type=\"container\" data-settings=\"{&quot;animation&quot;:&quot;none&quot;}\">\n\t\t\t\t\t<div class=\"e-con-inner\">\n\t\t\t\t<div class=\"elementor-element elementor-element-1b003ee elementor-widget elementor-widget-heading\" data-id=\"1b003ee\" data-element_type=\"widget\" data-e-type=\"widget\" data-widget_type=\"heading.default\">\n\t\t\t\t\t<h1 class=\"elementor-heading-title elementor-size-default\">Sustainability<\/h1>\t\t\t\t<\/div>\n\t\t\t\t\t<\/div>\n\t\t\t\t<\/div>\n\t\t<div class=\"elementor-element elementor-element-37a8043 e-flex e-con-boxed e-con e-parent\" data-id=\"37a8043\" data-element_type=\"container\" data-e-type=\"container\">\n\t\t\t\t\t<div class=\"e-con-inner\">\n\t\t\t\t<div class=\"elementor-element elementor-element-6b60b96 elementor-widget elementor-widget-text-editor\" data-id=\"6b60b96\" data-element_type=\"widget\" data-e-type=\"widget\" data-widget_type=\"text-editor.default\">\n\t\t\t\t\t\t\t\t\t<p>Balancing history and modernity, we strive daily to integrate sustainability into our operations at the Heide Hotel. This means combining a contemporary spirit with the values of the past. <\/p>\t\t\t\t\t\t\t\t<\/div>\n\t\t\t\t\t<\/div>\n\t\t\t\t<\/div>\n\t\t<div class=\"elementor-element elementor-element-439a8620 animated-slow e-flex e-con-boxed e-con e-parent\" data-id=\"439a8620\" data-element_type=\"container\" data-e-type=\"container\" data-settings=\"{&quot;animation&quot;:&quot;none&quot;}\">\n\t\t\t\t\t<div class=\"e-con-inner\">\n\t\t<div class=\"elementor-element elementor-element-25459072 e-con-full e-flex e-con e-child\" data-id=\"25459072\" data-element_type=\"container\" data-e-type=\"container\" data-settings=\"{&quot;background_background&quot;:&quot;classic&quot;}\">\n\t\t<div class=\"elementor-element elementor-element-625ac6ff e-con-full e-flex e-con e-child\" data-id=\"625ac6ff\" data-element_type=\"container\" data-e-type=\"container\">\n\t\t<div class=\"elementor-element elementor-element-4eac84b6 e-con-full e-flex e-con e-child\" data-id=\"4eac84b6\" data-element_type=\"container\" data-e-type=\"container\">\n\t\t\t\t<div class=\"elementor-element elementor-element-788047a4 elementor-widget elementor-widget-heading\" data-id=\"788047a4\" data-element_type=\"widget\" data-e-type=\"widget\" data-widget_type=\"heading.default\">\n\t\t\t\t\t<h2 class=\"elementor-heading-title elementor-size-default\">Consistent Waste Reduction<\/h2>\t\t\t\t<\/div>\n\t\t\t\t<div class=\"elementor-element elementor-element-d715744 elementor-widget elementor-widget-text-editor\" data-id=\"d715744\" data-element_type=\"widget\" data-e-type=\"widget\" data-widget_type=\"text-editor.default\">\n\t\t\t\t\t\t\t\t\t<div class=\"elementor-element elementor-element-674db4e ob-harakiri-inherit ob-has-background-overlay elementor-widget elementor-widget-text-editor ob-harakiri\" data-id=\"674db4e\" data-element_type=\"widget\" data-e-type=\"widget\" data-settings=\"{\" data-widget_type=\"text-editor.default\"><div class=\"elementor-widget-container\"><p>Our careful selection and use of products throughout the hotel is always guided by the principle of waste avoidance and proper waste separation.<\/p><ul><li>We regularly and systematically collect and monitor data on waste generation and copier paper consumption.<\/li><li>Increased use of paperless processes throughout the hotel<\/li><li>Preferential use of reusable systems from suppliers<\/li><li>Avoidance of non-recyclable portion packaging<\/li><li>Professional disposal of food waste<\/li><\/ul><\/div><\/div>\t\t\t\t\t\t\t\t<\/div>\n\t\t\t\t<\/div>\n\t\t\t\t<\/div>\n\t\t\t\t<div class=\"elementor-element elementor-element-cd95fca elementor-widget elementor-widget-image\" data-id=\"cd95fca\" data-element_type=\"widget\" data-e-type=\"widget\" data-settings=\"{&quot;_animation&quot;:&quot;none&quot;}\" data-widget_type=\"image.default\">\n\t\t\t\t\t\t\t\t\t\t\t\t\t\t\t<img decoding=\"async\" src=\"https:\/\/hotelreinstorf.de\/wp-content\/uploads\/elementor\/thumbs\/Fotolia_197299098_S-300x300-1-rkqtq1lwjusphfslqt8mosq2avh9p60hopttpbq8xk.jpg\" title=\"Erica Flower Field, Summer Season\" alt=\"Erica Flower Field, Summer Season\" loading=\"lazy\" \/>\t\t\t\t\t\t\t\t\t\t\t\t\t\t\t<\/div>\n\t\t\t\t<\/div>\n\t\t\t\t\t<\/div>\n\t\t\t\t<\/div>\n\t\t<div class=\"elementor-element elementor-element-454bf52 e-flex e-con-boxed e-con e-parent\" data-id=\"454bf52\" data-element_type=\"container\" data-e-type=\"container\">\n\t\t\t\t\t<div class=\"e-con-inner\">\n\t\t\t\t<div class=\"elementor-element elementor-element-f597b64 elementor-widget-divider--view-line elementor-widget elementor-widget-divider\" data-id=\"f597b64\" data-element_type=\"widget\" data-e-type=\"widget\" data-widget_type=\"divider.default\">\n\t\t\t\t\t\t\t<div class=\"elementor-divider\">\n\t\t\t<span class=\"elementor-divider-separator\">\n\t\t\t\t\t\t<\/span>\n\t\t<\/div>\n\t\t\t\t\t\t<\/div>\n\t\t\t\t\t<\/div>\n\t\t\t\t<\/div>\n\t\t<div class=\"elementor-element elementor-element-3fd4a89f animated-slow e-flex e-con-boxed e-con e-parent\" data-id=\"3fd4a89f\" data-element_type=\"container\" data-e-type=\"container\" data-settings=\"{&quot;animation&quot;:&quot;none&quot;}\">\n\t\t\t\t\t<div class=\"e-con-inner\">\n\t\t<div class=\"elementor-element elementor-element-7dde6f30 e-con-full e-flex e-con e-child\" data-id=\"7dde6f30\" data-element_type=\"container\" data-e-type=\"container\" data-settings=\"{&quot;background_background&quot;:&quot;classic&quot;}\">\n\t\t<div class=\"elementor-element elementor-element-61be0aec e-con-full e-flex e-con e-child\" data-id=\"61be0aec\" data-element_type=\"container\" data-e-type=\"container\">\n\t\t<div class=\"elementor-element elementor-element-33db036e e-con-full e-flex e-con e-child\" data-id=\"33db036e\" data-element_type=\"container\" data-e-type=\"container\">\n\t\t\t\t<div class=\"elementor-element elementor-element-5bb90cd3 elementor-widget elementor-widget-heading\" data-id=\"5bb90cd3\" data-element_type=\"widget\" data-e-type=\"widget\" data-widget_type=\"heading.default\">\n\t\t\t\t\t<h2 class=\"elementor-heading-title elementor-size-default\">Water Usage<\/h2>\t\t\t\t<\/div>\n\t\t\t\t<div class=\"elementor-element elementor-element-3c0d1576 elementor-widget elementor-widget-text-editor\" data-id=\"3c0d1576\" data-element_type=\"widget\" data-e-type=\"widget\" data-widget_type=\"text-editor.default\">\n\t\t\t\t\t\t\t\t\t<div class=\"elementor-element elementor-element-674db4e ob-harakiri-inherit ob-has-background-overlay elementor-widget elementor-widget-text-editor ob-harakiri\" data-id=\"674db4e\" data-element_type=\"widget\" data-e-type=\"widget\" data-settings=\"{\" data-widget_type=\"text-editor.default\"><div class=\"elementor-widget-container\"><p>We are aware that water is one of the most important resources, and therefore, responsible water management plays a prominent role in our efforts.<\/p><ul><li>We regularly and systematically collect water consumption data by type.<\/li><li>The water comes from legal and sustainable sources that will not impact environmental flows in the future.<\/li><li>We ensure that all water installations and systems (e.g., fittings, cooling) are regularly maintained and serviced.<\/li><li>Use of flow restrictors \/ aerators<\/li><li>Use of sustainable cleaning chemicals (where possible) to minimize environmental impact<\/li><li>Dual-flush toilets<\/li><li>Use of water-saving showerheads in all areas<\/li><\/ul><\/div><\/div>\t\t\t\t\t\t\t\t<\/div>\n\t\t\t\t<\/div>\n\t\t\t\t<\/div>\n\t\t\t\t<div class=\"elementor-element elementor-element-6eff66de animated-fast elementor-widget elementor-widget-image\" data-id=\"6eff66de\" data-element_type=\"widget\" data-e-type=\"widget\" data-settings=\"{&quot;_animation&quot;:&quot;none&quot;}\" data-widget_type=\"image.default\">\n\t\t\t\t\t\t\t\t\t\t\t\t\t\t\t<img decoding=\"async\" src=\"https:\/\/hotelreinstorf.de\/wp-content\/uploads\/elementor\/thumbs\/Ladestation-1-300x300-1-rkqu3lg6aq4yh29q12z68ygnn6webu0wfkzzxc459c.jpg\" title=\"Charging Station\" alt=\"Charging Station\" loading=\"lazy\" \/>\t\t\t\t\t\t\t\t\t\t\t\t\t\t\t<\/div>\n\t\t\t\t<\/div>\n\t\t\t\t\t<\/div>\n\t\t\t\t<\/div>\n\t\t<div class=\"elementor-element elementor-element-1aeafa7 e-flex e-con-boxed e-con e-parent\" data-id=\"1aeafa7\" data-element_type=\"container\" data-e-type=\"container\">\n\t\t\t\t\t<div class=\"e-con-inner\">\n\t\t\t\t\t<\/div>\n\t\t\t\t<\/div>\n\t\t\t\t<\/div>\n\t\t","protected":false},"excerpt":{"rendered":"<p>Sustainability Balancing history and modernity, we strive daily to integrate sustainability into our operations at the Heide Hotel. This means combining a contemporary spirit with the values of the past. Consistent Waste Reduction Our careful selection and use of products throughout the hotel is always guided by the principle of waste avoidance and proper waste [&hellip;]<\/p>\n","protected":false},"author":1,"featured_media":0,"parent":0,"menu_order":0,"comment_status":"closed","ping_status":"closed","template":"","meta":{"footnotes":""},"class_list":["post-1567","page","type-page","status-publish","hentry"],"yoast_head":"<!-- This site is optimized with the Yoast SEO plugin v27.3 - https:\/\/yoast.com\/product\/yoast-seo-wordpress\/ -->\n<title>Sustainability - Heide Hotel Reinstorf bei L\u00fcneburg<\/title>\n<meta name=\"description\" content=\"Sustainability is a top priority for us\" \/>\n<meta name=\"robots\" content=\"noindex, follow, max-snippet:-1, max-image-preview:large, max-video-preview:-1\" \/>\n<meta property=\"og:locale\" content=\"en_US\" \/>\n<meta property=\"og:type\" content=\"article\" \/>\n<meta property=\"og:title\" content=\"Sustainability - Heide Hotel Reinstorf bei L\u00fcneburg\" \/>\n<meta property=\"og:description\" content=\"Sustainability is a top priority for us\" \/>\n<meta property=\"og:url\" content=\"https:\/\/hotelreinstorf.de\/en\/sustainability\/\" \/>\n<meta property=\"og:site_name\" content=\"Heide Hotel Reinstorf bei L\u00fcneburg\" \/>\n<meta property=\"article:modified_time\" content=\"2026-03-25T09:42:51+00:00\" \/>\n<meta property=\"og:image\" content=\"https:\/\/hotelreinstorf.de\/wp-content\/uploads\/elementor\/thumbs\/Fotolia_197299098_S-300x300-1-rkqtq1lwjusphfslqt8mosq2avh9p60hopttpbq8xk.jpg\" \/>\n<meta name=\"twitter:card\" content=\"summary_large_image\" \/>\n<meta name=\"twitter:label1\" content=\"Est. reading time\" \/>\n\t<meta name=\"twitter:data1\" content=\"1 minute\" \/>\n<script type=\"application\/ld+json\" class=\"yoast-schema-graph\">{\"@context\":\"https:\\\/\\\/schema.org\",\"@graph\":[{\"@type\":\"WebPage\",\"@id\":\"https:\\\/\\\/hotelreinstorf.de\\\/en\\\/sustainability\\\/\",\"url\":\"https:\\\/\\\/hotelreinstorf.de\\\/en\\\/sustainability\\\/\",\"name\":\"Sustainability - Heide Hotel Reinstorf bei L\u00fcneburg\",\"isPartOf\":{\"@id\":\"https:\\\/\\\/hotelreinstorf.de\\\/en\\\/#website\"},\"primaryImageOfPage\":{\"@id\":\"https:\\\/\\\/hotelreinstorf.de\\\/en\\\/sustainability\\\/#primaryimage\"},\"image\":{\"@id\":\"https:\\\/\\\/hotelreinstorf.de\\\/en\\\/sustainability\\\/#primaryimage\"},\"thumbnailUrl\":\"https:\\\/\\\/hotelreinstorf.de\\\/wp-content\\\/uploads\\\/elementor\\\/thumbs\\\/Fotolia_197299098_S-300x300-1-rkqtq1lwjusphfslqt8mosq2avh9p60hopttpbq8xk.jpg\",\"datePublished\":\"2026-03-19T09:48:06+00:00\",\"dateModified\":\"2026-03-25T09:42:51+00:00\",\"description\":\"Sustainability is a top priority for us\",\"breadcrumb\":{\"@id\":\"https:\\\/\\\/hotelreinstorf.de\\\/en\\\/sustainability\\\/#breadcrumb\"},\"inLanguage\":\"en-US\",\"potentialAction\":[{\"@type\":\"ReadAction\",\"target\":[\"https:\\\/\\\/hotelreinstorf.de\\\/en\\\/sustainability\\\/\"]}]},{\"@type\":\"ImageObject\",\"inLanguage\":\"en-US\",\"@id\":\"https:\\\/\\\/hotelreinstorf.de\\\/en\\\/sustainability\\\/#primaryimage\",\"url\":\"https:\\\/\\\/hotelreinstorf.de\\\/wp-content\\\/uploads\\\/elementor\\\/thumbs\\\/Fotolia_197299098_S-300x300-1-rkqtq1lwjusphfslqt8mosq2avh9p60hopttpbq8xk.jpg\",\"contentUrl\":\"https:\\\/\\\/hotelreinstorf.de\\\/wp-content\\\/uploads\\\/elementor\\\/thumbs\\\/Fotolia_197299098_S-300x300-1-rkqtq1lwjusphfslqt8mosq2avh9p60hopttpbq8xk.jpg\"},{\"@type\":\"BreadcrumbList\",\"@id\":\"https:\\\/\\\/hotelreinstorf.de\\\/en\\\/sustainability\\\/#breadcrumb\",\"itemListElement\":[{\"@type\":\"ListItem\",\"position\":1,\"name\":\"Start\",\"item\":\"https:\\\/\\\/hotelreinstorf.de\\\/en\\\/\"},{\"@type\":\"ListItem\",\"position\":2,\"name\":\"Sustainability\"}]},{\"@type\":\"WebSite\",\"@id\":\"https:\\\/\\\/hotelreinstorf.de\\\/en\\\/#website\",\"url\":\"https:\\\/\\\/hotelreinstorf.de\\\/en\\\/\",\"name\":\"Heide Hotel Reinstorf bei L\u00fcneburg\",\"description\":\"Tagen | Feiern | Heiraten | \u00dcbernachten &amp; Verw\u00f6hnen lassen direkt in der Ostheide\",\"publisher\":{\"@id\":\"https:\\\/\\\/hotelreinstorf.de\\\/en\\\/#organization\"},\"potentialAction\":[{\"@type\":\"SearchAction\",\"target\":{\"@type\":\"EntryPoint\",\"urlTemplate\":\"https:\\\/\\\/hotelreinstorf.de\\\/en\\\/?s={search_term_string}\"},\"query-input\":{\"@type\":\"PropertyValueSpecification\",\"valueRequired\":true,\"valueName\":\"search_term_string\"}}],\"inLanguage\":\"en-US\"},{\"@type\":\"Organization\",\"@id\":\"https:\\\/\\\/hotelreinstorf.de\\\/en\\\/#organization\",\"name\":\"Heide Hotel Reinstorf bei L\u00fcneburg\",\"url\":\"https:\\\/\\\/hotelreinstorf.de\\\/en\\\/\",\"logo\":{\"@type\":\"ImageObject\",\"inLanguage\":\"en-US\",\"@id\":\"https:\\\/\\\/hotelreinstorf.de\\\/en\\\/#\\\/schema\\\/logo\\\/image\\\/\",\"url\":\"https:\\\/\\\/hotelreinstorf.de\\\/wp-content\\\/uploads\\\/2026\\\/03\\\/Logo_Heide_Hotel_Slogan-02.png\",\"contentUrl\":\"https:\\\/\\\/hotelreinstorf.de\\\/wp-content\\\/uploads\\\/2026\\\/03\\\/Logo_Heide_Hotel_Slogan-02.png\",\"width\":302,\"height\":298,\"caption\":\"Heide Hotel Reinstorf bei L\u00fcneburg\"},\"image\":{\"@id\":\"https:\\\/\\\/hotelreinstorf.de\\\/en\\\/#\\\/schema\\\/logo\\\/image\\\/\"}}]}<\/script>\n<!-- \/ Yoast SEO plugin. -->","yoast_head_json":{"title":"Sustainability - Heide Hotel Reinstorf bei L\u00fcneburg","description":"Sustainability is a top priority for us","robots":{"index":"noindex","follow":"follow","max-snippet":"max-snippet:-1","max-image-preview":"max-image-preview:large","max-video-preview":"max-video-preview:-1"},"og_locale":"en_US","og_type":"article","og_title":"Sustainability - Heide Hotel Reinstorf bei L\u00fcneburg","og_description":"Sustainability is a top priority for us","og_url":"https:\/\/hotelreinstorf.de\/en\/sustainability\/","og_site_name":"Heide Hotel Reinstorf bei L\u00fcneburg","article_modified_time":"2026-03-25T09:42:51+00:00","og_image":[{"url":"https:\/\/hotelreinstorf.de\/wp-content\/uploads\/elementor\/thumbs\/Fotolia_197299098_S-300x300-1-rkqtq1lwjusphfslqt8mosq2avh9p60hopttpbq8xk.jpg","type":"","width":"","height":""}],"twitter_card":"summary_large_image","twitter_misc":{"Est. reading time":"1 minute"},"schema":{"@context":"https:\/\/schema.org","@graph":[{"@type":"WebPage","@id":"https:\/\/hotelreinstorf.de\/en\/sustainability\/","url":"https:\/\/hotelreinstorf.de\/en\/sustainability\/","name":"Sustainability - Heide Hotel Reinstorf bei L\u00fcneburg","isPartOf":{"@id":"https:\/\/hotelreinstorf.de\/en\/#website"},"primaryImageOfPage":{"@id":"https:\/\/hotelreinstorf.de\/en\/sustainability\/#primaryimage"},"image":{"@id":"https:\/\/hotelreinstorf.de\/en\/sustainability\/#primaryimage"},"thumbnailUrl":"https:\/\/hotelreinstorf.de\/wp-content\/uploads\/elementor\/thumbs\/Fotolia_197299098_S-300x300-1-rkqtq1lwjusphfslqt8mosq2avh9p60hopttpbq8xk.jpg","datePublished":"2026-03-19T09:48:06+00:00","dateModified":"2026-03-25T09:42:51+00:00","description":"Sustainability is a top priority for us","breadcrumb":{"@id":"https:\/\/hotelreinstorf.de\/en\/sustainability\/#breadcrumb"},"inLanguage":"en-US","potentialAction":[{"@type":"ReadAction","target":["https:\/\/hotelreinstorf.de\/en\/sustainability\/"]}]},{"@type":"ImageObject","inLanguage":"en-US","@id":"https:\/\/hotelreinstorf.de\/en\/sustainability\/#primaryimage","url":"https:\/\/hotelreinstorf.de\/wp-content\/uploads\/elementor\/thumbs\/Fotolia_197299098_S-300x300-1-rkqtq1lwjusphfslqt8mosq2avh9p60hopttpbq8xk.jpg","contentUrl":"https:\/\/hotelreinstorf.de\/wp-content\/uploads\/elementor\/thumbs\/Fotolia_197299098_S-300x300-1-rkqtq1lwjusphfslqt8mosq2avh9p60hopttpbq8xk.jpg"},{"@type":"BreadcrumbList","@id":"https:\/\/hotelreinstorf.de\/en\/sustainability\/#breadcrumb","itemListElement":[{"@type":"ListItem","position":1,"name":"Start","item":"https:\/\/hotelreinstorf.de\/en\/"},{"@type":"ListItem","position":2,"name":"Sustainability"}]},{"@type":"WebSite","@id":"https:\/\/hotelreinstorf.de\/en\/#website","url":"https:\/\/hotelreinstorf.de\/en\/","name":"Heide Hotel Reinstorf bei L\u00fcneburg","description":"Tagen | Feiern | Heiraten | \u00dcbernachten &amp; Verw\u00f6hnen lassen direkt in der Ostheide","publisher":{"@id":"https:\/\/hotelreinstorf.de\/en\/#organization"},"potentialAction":[{"@type":"SearchAction","target":{"@type":"EntryPoint","urlTemplate":"https:\/\/hotelreinstorf.de\/en\/?s={search_term_string}"},"query-input":{"@type":"PropertyValueSpecification","valueRequired":true,"valueName":"search_term_string"}}],"inLanguage":"en-US"},{"@type":"Organization","@id":"https:\/\/hotelreinstorf.de\/en\/#organization","name":"Heide Hotel Reinstorf bei L\u00fcneburg","url":"https:\/\/hotelreinstorf.de\/en\/","logo":{"@type":"ImageObject","inLanguage":"en-US","@id":"https:\/\/hotelreinstorf.de\/en\/#\/schema\/logo\/image\/","url":"https:\/\/hotelreinstorf.de\/wp-content\/uploads\/2026\/03\/Logo_Heide_Hotel_Slogan-02.png","contentUrl":"https:\/\/hotelreinstorf.de\/wp-content\/uploads\/2026\/03\/Logo_Heide_Hotel_Slogan-02.png","width":302,"height":298,"caption":"Heide Hotel Reinstorf bei L\u00fcneburg"},"image":{"@id":"https:\/\/hotelreinstorf.de\/en\/#\/schema\/logo\/image\/"}}]}},"_links":{"self":[{"href":"https:\/\/hotelreinstorf.de\/en\/wp-json\/wp\/v2\/pages\/1567","targetHints":{"allow":["GET"]}}],"collection":[{"href":"https:\/\/hotelreinstorf.de\/en\/wp-json\/wp\/v2\/pages"}],"about":[{"href":"https:\/\/hotelreinstorf.de\/en\/wp-json\/wp\/v2\/types\/page"}],"author":[{"embeddable":true,"href":"https:\/\/hotelreinstorf.de\/en\/wp-json\/wp\/v2\/users\/1"}],"replies":[{"embeddable":true,"href":"https:\/\/hotelreinstorf.de\/en\/wp-json\/wp\/v2\/comments?post=1567"}],"version-history":[{"count":3,"href":"https:\/\/hotelreinstorf.de\/en\/wp-json\/wp\/v2\/pages\/1567\/revisions"}],"predecessor-version":[{"id":1895,"href":"https:\/\/hotelreinstorf.de\/en\/wp-json\/wp\/v2\/pages\/1567\/revisions\/1895"}],"wp:attachment":[{"href":"https:\/\/hotelreinstorf.de\/en\/wp-json\/wp\/v2\/media?parent=1567"}],"curies":[{"name":"wp","href":"https:\/\/api.w.org\/{rel}","templated":true}]}}